{"id":1123,"date":"2017-10-05T13:31:08","date_gmt":"2017-10-05T11:31:08","guid":{"rendered":"http:\/\/famzg.soziale-sicherheit-chss.ch\/regelung\/"},"modified":"2020-08-06T10:18:01","modified_gmt":"2020-08-06T08:18:01","slug":"reglementations-cantonales","status":"publish","type":"page","link":"https:\/\/famzg.soziale-sicherheit-chss.ch\/fr\/reglementations-cantonales\/","title":{"rendered":"R\u00e9glementations cantonales sur les allocations familiales"},"content":{"rendered":"<p>La loi f\u00e9d\u00e9rale sur les allocations familiales (LAFam) est en vigueur depuis le 1er janvier 2009. Elle pr\u00e9voit une allocation pour enfant de 200 francs par mois et une allocation de formation de 250 francs par mois. La loi vise une certaine uniformisation, mais laisse aux cantons une certaine marge de manoeuvre dans le domaine des montants des prestations, de l\u2019organisation et du financement. Sur cette page se trouvent des informations sur les r\u00e9glementations cantonales.<\/p>\n<p>Mode d&#8217;emploi :<\/p>\n<p>S\u00e9lectionnez sur la liste<\/p>\n<ul>\n<li>un ou plusieurs cantons (vous pouvez aussi s\u00e9lectionner \u00ab Tous les cantons \u00bb) et<\/li>\n<li>un ou plusieurs th\u00e8mes (vous pouvez aussi s\u00e9lectionner \u00ab Tous les th\u00e8mes \u00bb).<\/li>\n<\/ul>\n<p>Cliquez ensuite sur \u00ab Recherche \u00bb ; les r\u00e9sultats appara\u00eetront sous la forme d&rsquo;une liste que vous pourrez aussi imprimer.<\/p>\n","protected":false},"excerpt":{"rendered":"<p>La loi f\u00e9d\u00e9rale sur les allocations familiales (LAFam) est en vigueur depuis le 1er janvier 2009. Elle pr\u00e9voit une allocation pour enfant de 200 francs par mois et une allocation de formation de 250 francs par mois. La loi vise une certaine uniformisation, mais laisse aux cantons une certaine marge de manoeuvre dans le domaine [&hellip;]<\/p>\n","protected":false},"author":1,"featured_media":0,"parent":0,"menu_order":0,"comment_status":"closed","ping_status":"closed","template":"regelung.php","meta":{"_acf_changed":false,"footnotes":""},"class_list":["post-1123","page","type-page","status-publish","hentry"],"acf":[],"_links":{"self":[{"href":"https:\/\/famzg.soziale-sicherheit-chss.ch\/fr\/wp-json\/wp\/v2\/pages\/1123","targetHints":{"allow":["GET"]}}],"collection":[{"href":"https:\/\/famzg.soziale-sicherheit-chss.ch\/fr\/wp-json\/wp\/v2\/pages"}],"about":[{"href":"https:\/\/famzg.soziale-sicherheit-chss.ch\/fr\/wp-json\/wp\/v2\/types\/page"}],"author":[{"embeddable":true,"href":"https:\/\/famzg.soziale-sicherheit-chss.ch\/fr\/wp-json\/wp\/v2\/users\/1"}],"replies":[{"embeddable":true,"href":"https:\/\/famzg.soziale-sicherheit-chss.ch\/fr\/wp-json\/wp\/v2\/comments?post=1123"}],"version-history":[{"count":4,"href":"https:\/\/famzg.soziale-sicherheit-chss.ch\/fr\/wp-json\/wp\/v2\/pages\/1123\/revisions"}],"predecessor-version":[{"id":2524,"href":"https:\/\/famzg.soziale-sicherheit-chss.ch\/fr\/wp-json\/wp\/v2\/pages\/1123\/revisions\/2524"}],"wp:attachment":[{"href":"https:\/\/famzg.soziale-sicherheit-chss.ch\/fr\/wp-json\/wp\/v2\/media?parent=1123"}],"curies":[{"name":"wp","href":"https:\/\/api.w.org\/{rel}","templated":true}]}}